{"id":75,"date":"2015-09-07T20:45:43","date_gmt":"2015-09-07T20:45:43","guid":{"rendered":"https:\/\/carmenmunhoz.com\/portfolio\/?page_id=75"},"modified":"2015-09-08T12:36:34","modified_gmt":"2015-09-08T12:36:34","slug":"diseno-editorial","status":"publish","type":"page","link":"https:\/\/carmenmunhoz.com\/portfolio\/diseno-editorial\/","title":{"rendered":"about me"},"content":{"rendered":"<p>Mi nombre es Carmen Mu\u00f1oz. Soy dise\u00f1adora gr\u00e1fica.<\/p>\n<p>Me gradu\u00e9 en la facultad de Bellas Artes de Pontevedra aunque curs\u00e9 mis \u00faltimos a\u00f1os de estudios en Lisboa, lugar donde descubr\u00ed mi pasi\u00f3n por el dise\u00f1o y donde tuve la oportunidad de especializarme en el mismo.<\/p>\n<p>He estado trabajando este \u00faltimo trabajando en Academia Postal en Vigo, para el departamento de contenidos, donde tuve la oportunidad no solo de aprender a programar web (con hml y css) si no tambi\u00e9n de a la vez obtener el Certificado de Profesionalidad de Edici\u00f3n de Contenidos Multimedia. En esta empresa realizamos campa\u00f1as de Marketing para clientes como Cisco, Povisa, Amtega o Afel\u00edn (parte de este trabajo se puede ver en este portfolio).<\/p>\n<p>Soy una persona din\u00e1mica y entusiasta pero sobre todo creativa, me gusta asumir nuevos retos y responsabilidades.<\/p>\n<p>Aqu\u00ed dejo parte de mi trabajo. Espero que te guste.<\/p>\n<p>&nbsp;<\/p>\n<p>O meu nome \u00e9 Carmen Mu\u00f1oz . Sou disenhadora gr\u00e1fica.<\/p>\n<p>Eu me formei na Faculdade de Belas Artes de Pontevedra embora eu fiz o meu \u00faltimo ano de estudos em Lisboa,onde descobri<br \/>\nminha paix\u00e3o pelo design e onde tive a oportunidade de me especializar nele.<\/p>\n<p>Eu tenho trabalhado neste \u00faltimo trabalho na Academia Postal em Vigo para o departamento de conte\u00fado,onde tive a oportunidade n\u00e3o s\u00f3 para aprender a<br \/>\nprogramar web (com hml e CSS) , mas tamb\u00e9m para obter simultaneamente o Certificado de Compet\u00eancia em edi\u00e7\u00e3o de conte\u00fado multimedia.<br \/>\nNesta empresa eu fiz campanhas de marketing para clientes como Cisco , Povisa , AMTEGA ou Afel\u00edn ( parte deste trabalho pode ser visto neste blog ) .<\/p>\n<p>Sou uma pessoa din\u00e2mica e entusiasta , mas especialmente criativa , gosto de enfrentar novos desafios e responsabilidades.<\/p>\n<p>Aqui deixo um pouco do meu trabalho. Espero que goste .<\/p>\n<p>&nbsp;<\/p>\n<p>My name is Carmen Mu\u00f1oz.I\u00b4m a graphic designer.<\/p>\n<p>I graduated in the Fine Arts Faculty in Pontevedra even though I completed my university studies\u00a0in Lisbon, where I discovered my passion for design and was able to specialize in it.<\/p>\n<p>Last year I worked\u00a0\u00a0for Academia Postal in Vigo, for the content department, where I had the chance not only to learn how to develop web (html\/css) but\u00a0also simultaneously obtain the Certificate de Profesionalidad de Edici\u00f3n de Contenidos Multimedia. In this company we developed marketing campaigns for clients such as\u00a0Cisco Systems, Povisa, Amtega or Afel\u00edn (you can see part of these projects in this portfolio).<\/p>\n<p>I am a \u00a0dinamic and enthusiastic person but especially creative, I like to take on new challenges and responsibilities.<\/p>\n<p>Here I leave some of my work . I hope you like it.<\/p>\n<p>&nbsp;<\/p>\n","protected":false},"excerpt":{"rendered":"<p>Mi nombre es Carmen Mu\u00f1oz. Soy dise\u00f1adora gr\u00e1fica. Me gradu\u00e9 en la facultad de Bellas Artes de Pontevedra aunque curs\u00e9 mis \u00faltimos a\u00f1os de estudios en Lisboa, lugar&#8230;<\/p>\n","protected":false},"author":1,"featured_media":0,"parent":0,"menu_order":0,"comment_status":"closed","ping_status":"closed","template":"","meta":{"footnotes":""},"class_list":["post-75","page","type-page","status-publish","hentry"],"_links":{"self":[{"href":"https:\/\/carmenmunhoz.com\/portfolio\/wp-json\/wp\/v2\/pages\/75","targetHints":{"allow":["GET"]}}],"collection":[{"href":"https:\/\/carmenmunhoz.com\/portfolio\/wp-json\/wp\/v2\/pages"}],"about":[{"href":"https:\/\/carmenmunhoz.com\/portfolio\/wp-json\/wp\/v2\/types\/page"}],"author":[{"embeddable":true,"href":"https:\/\/carmenmunhoz.com\/portfolio\/wp-json\/wp\/v2\/users\/1"}],"replies":[{"embeddable":true,"href":"https:\/\/carmenmunhoz.com\/portfolio\/wp-json\/wp\/v2\/comments?post=75"}],"version-history":[{"count":7,"href":"https:\/\/carmenmunhoz.com\/portfolio\/wp-json\/wp\/v2\/pages\/75\/revisions"}],"predecessor-version":[{"id":145,"href":"https:\/\/carmenmunhoz.com\/portfolio\/wp-json\/wp\/v2\/pages\/75\/revisions\/145"}],"wp:attachment":[{"href":"https:\/\/carmenmunhoz.com\/portfolio\/wp-json\/wp\/v2\/media?parent=75"}],"curies":[{"name":"wp","href":"https:\/\/api.w.org\/{rel}","templated":true}]}}